{"id":5223,"date":"2025-03-11T16:51:52","date_gmt":"2025-03-11T16:51:52","guid":{"rendered":"http:\/\/spacericcione.smontanari.com\/?post_type=product&#038;p=5223"},"modified":"2025-08-24T10:25:03","modified_gmt":"2025-08-24T10:25:03","slug":"felpa","status":"publish","type":"product","link":"https:\/\/spacericcione.com\/en\/product\/felpa\/","title":{"rendered":"Space Hoodie"},"content":{"rendered":"<div class=\"elementor-element elementor-element-73e669f elementor-widget elementor-widget-woocommerce-product-short-description\" data-id=\"73e669f\" data-element_type=\"widget\" data-widget_type=\"woocommerce-product-short-description.default\">\n<div class=\"elementor-widget-container\">\n<div class=\"woocommerce-product-details__short-description\">\n<p>Felpa nera in 100% cotone con cappuccio, marsupio e stampa sul retro con maxi logo del tuo club preferito. Tessuto premium che mantiene la forma e l\u2019integrit\u00e0 della stampa dopo ogni lavaggio. Vestibilit\u00e0 rilassata che garantisce libert\u00e0 di movimento e un taglio moderno che valorizza ogni tipo di silhouette: domina le fresche notti estive con la nostra hoodie, perfetta per ogni occasione e facilmente abbinabile a qualsiasi tipo di jeans, pantaloni o leggins.<\/p>\n<\/div>\n<\/div>\n<\/div>\n<div class=\"elementor-element elementor-element-b7300c5 elementor-widget elementor-widget-woocommerce-product-price\" data-id=\"b7300c5\" data-element_type=\"widget\" data-widget_type=\"woocommerce-product-price.default\">\n<div class=\"elementor-widget-container\"><\/div>\n<\/div>","protected":false},"excerpt":{"rendered":"<p>Felpa nera in 100% cotone con cappuccio, marsupio e stampa sul retro con maxi logo del tuo club preferito. Tessuto premium che mantiene la forma e l\u2019integrit\u00e0 della stampa dopo ogni lavaggio. Vestibilit\u00e0 rilassata che garantisce libert\u00e0 di movimento e un taglio moderno che valorizza ogni tipo di silhouette: domina le fresche notti estive con [&hellip;]<\/p>","protected":false},"featured_media":5227,"template":"","meta":[],"product_brand":[],"product_cat":[44],"product_tag":[],"class_list":{"0":"post-5223","1":"product","2":"type-product","3":"status-publish","4":"has-post-thumbnail","6":"product_cat-abbigliamento","8":"first","9":"instock","10":"taxable","11":"shipping-taxable","12":"purchasable","13":"product-type-variable"},"_links":{"self":[{"href":"https:\/\/spacericcione.com\/en\/wp-json\/wp\/v2\/product\/5223","targetHints":{"allow":["GET"]}}],"collection":[{"href":"https:\/\/spacericcione.com\/en\/wp-json\/wp\/v2\/product"}],"about":[{"href":"https:\/\/spacericcione.com\/en\/wp-json\/wp\/v2\/types\/product"}],"wp:featuredmedia":[{"embeddable":true,"href":"https:\/\/spacericcione.com\/en\/wp-json\/wp\/v2\/media\/5227"}],"wp:attachment":[{"href":"https:\/\/spacericcione.com\/en\/wp-json\/wp\/v2\/media?parent=5223"}],"wp:term":[{"taxonomy":"product_brand","embeddable":true,"href":"https:\/\/spacericcione.com\/en\/wp-json\/wp\/v2\/product_brand?post=5223"},{"taxonomy":"product_cat","embeddable":true,"href":"https:\/\/spacericcione.com\/en\/wp-json\/wp\/v2\/product_cat?post=5223"},{"taxonomy":"product_tag","embeddable":true,"href":"https:\/\/spacericcione.com\/en\/wp-json\/wp\/v2\/product_tag?post=5223"}],"curies":[{"name":"wp","href":"https:\/\/api.w.org\/{rel}","templated":true}]}}