{"id":5232,"date":"2025-03-11T16:56:31","date_gmt":"2025-03-11T16:56:31","guid":{"rendered":"http:\/\/spacericcione.smontanari.com\/?post_type=product&#038;p=5232"},"modified":"2026-03-08T04:43:16","modified_gmt":"2026-03-08T04:43:16","slug":"t-shirt-logo-grande","status":"publish","type":"product","link":"https:\/\/spacericcione.com\/en\/product\/t-shirt-logo-grande\/","title":{"rendered":"Space Tee 03"},"content":{"rendered":"<p>T-shirt in 100% cotone con stampa frontale maxi logo Space Riccione. Realizzata in tessuto di alta qualit\u00e0 che mantiene la forma e l\u2019integrit\u00e0 della stampa dopo ogni lavaggio. Vestibilit\u00e0 leggermente rilassata che garantisce comodit\u00e0 e un taglio moderno: fatti notare con la nostra maglietta, perfetta per ogni serata estiva e facilmente abbinabile a qualsiasi tipo di jeans, pantaloni o leggins.<\/p>","protected":false},"excerpt":{"rendered":"<p>T-shirt in 100% cotone con stampa frontale maxi logo Space Riccione. Realizzata in tessuto di alta qualit\u00e0 che mantiene la forma e l\u2019integrit\u00e0 della stampa dopo ogni lavaggio. Vestibilit\u00e0 leggermente rilassata che garantisce comodit\u00e0 e un taglio moderno: fatti notare con la nostra maglietta, perfetta per ogni serata estiva e facilmente abbinabile a qualsiasi tipo [&hellip;]<\/p>","protected":false},"featured_media":5237,"template":"","meta":[],"product_brand":[],"product_cat":[44],"product_tag":[],"class_list":{"0":"post-5232","1":"product","2":"type-product","3":"status-publish","4":"has-post-thumbnail","6":"product_cat-abbigliamento","8":"first","9":"instock","10":"taxable","11":"shipping-taxable","12":"purchasable","13":"product-type-variable"},"_links":{"self":[{"href":"https:\/\/spacericcione.com\/en\/wp-json\/wp\/v2\/product\/5232","targetHints":{"allow":["GET"]}}],"collection":[{"href":"https:\/\/spacericcione.com\/en\/wp-json\/wp\/v2\/product"}],"about":[{"href":"https:\/\/spacericcione.com\/en\/wp-json\/wp\/v2\/types\/product"}],"wp:featuredmedia":[{"embeddable":true,"href":"https:\/\/spacericcione.com\/en\/wp-json\/wp\/v2\/media\/5237"}],"wp:attachment":[{"href":"https:\/\/spacericcione.com\/en\/wp-json\/wp\/v2\/media?parent=5232"}],"wp:term":[{"taxonomy":"product_brand","embeddable":true,"href":"https:\/\/spacericcione.com\/en\/wp-json\/wp\/v2\/product_brand?post=5232"},{"taxonomy":"product_cat","embeddable":true,"href":"https:\/\/spacericcione.com\/en\/wp-json\/wp\/v2\/product_cat?post=5232"},{"taxonomy":"product_tag","embeddable":true,"href":"https:\/\/spacericcione.com\/en\/wp-json\/wp\/v2\/product_tag?post=5232"}],"curies":[{"name":"wp","href":"https:\/\/api.w.org\/{rel}","templated":true}]}}