{"id":5253,"date":"2025-03-11T17:02:28","date_gmt":"2025-03-11T17:02:28","guid":{"rendered":"http:\/\/spacericcione.smontanari.com\/?post_type=product&#038;p=5253"},"modified":"2025-08-08T12:15:54","modified_gmt":"2025-08-08T12:15:54","slug":"t-shirt","status":"publish","type":"product","link":"https:\/\/spacericcione.com\/en\/product\/t-shirt\/","title":{"rendered":"Space Tee 01"},"content":{"rendered":"<div class=\"elementor-element elementor-element-73e669f elementor-widget elementor-widget-woocommerce-product-short-description\" data-id=\"73e669f\" data-element_type=\"widget\" data-widget_type=\"woocommerce-product-short-description.default\">\n<div class=\"elementor-widget-container\">\n<div class=\"woocommerce-product-details__short-description\">\n<p>T-shirt nera in 100% cotone con piccolo ricamo frontale del logo Space Riccione. Realizzata in tessuto di alta qualit\u00e0 che mantiene la forma e l\u2019integrit\u00e0 della stampa dopo ogni lavaggio. Vestibilit\u00e0 leggermente rilassata che garantisce comodit\u00e0 e un taglio moderno: aggiungi una nota di stile al tuo outfit con la nostra maglietta, perfetta per ogni serata estiva e facilmente abbinabile a qualsiasi tipo di jeans, pantaloni o leggins.<\/p>\n<\/div>\n<\/div>\n<\/div>\n<div class=\"elementor-element elementor-element-b7300c5 elementor-widget elementor-widget-woocommerce-product-price\" data-id=\"b7300c5\" data-element_type=\"widget\" data-widget_type=\"woocommerce-product-price.default\">\n<div class=\"elementor-widget-container\"><\/div>\n<\/div>","protected":false},"excerpt":{"rendered":"<p>T-shirt nera in 100% cotone con piccolo ricamo frontale del logo Space Riccione. Realizzata in tessuto di alta qualit\u00e0 che mantiene la forma e l\u2019integrit\u00e0 della stampa dopo ogni lavaggio. Vestibilit\u00e0 leggermente rilassata che garantisce comodit\u00e0 e un taglio moderno: aggiungi una nota di stile al tuo outfit con la nostra maglietta, perfetta per ogni [&hellip;]<\/p>","protected":false},"featured_media":5808,"template":"","meta":[],"product_brand":[],"product_cat":[44],"product_tag":[],"class_list":{"0":"post-5253","1":"product","2":"type-product","3":"status-publish","4":"has-post-thumbnail","6":"product_cat-abbigliamento","8":"first","9":"instock","10":"taxable","11":"shipping-taxable","12":"purchasable","13":"product-type-variable"},"_links":{"self":[{"href":"https:\/\/spacericcione.com\/en\/wp-json\/wp\/v2\/product\/5253","targetHints":{"allow":["GET"]}}],"collection":[{"href":"https:\/\/spacericcione.com\/en\/wp-json\/wp\/v2\/product"}],"about":[{"href":"https:\/\/spacericcione.com\/en\/wp-json\/wp\/v2\/types\/product"}],"wp:featuredmedia":[{"embeddable":true,"href":"https:\/\/spacericcione.com\/en\/wp-json\/wp\/v2\/media\/5808"}],"wp:attachment":[{"href":"https:\/\/spacericcione.com\/en\/wp-json\/wp\/v2\/media?parent=5253"}],"wp:term":[{"taxonomy":"product_brand","embeddable":true,"href":"https:\/\/spacericcione.com\/en\/wp-json\/wp\/v2\/product_brand?post=5253"},{"taxonomy":"product_cat","embeddable":true,"href":"https:\/\/spacericcione.com\/en\/wp-json\/wp\/v2\/product_cat?post=5253"},{"taxonomy":"product_tag","embeddable":true,"href":"https:\/\/spacericcione.com\/en\/wp-json\/wp\/v2\/product_tag?post=5253"}],"curies":[{"name":"wp","href":"https:\/\/api.w.org\/{rel}","templated":true}]}}